{"id":11,"date":"2023-09-21T12:28:14","date_gmt":"2023-09-21T15:28:14","guid":{"rendered":"https:\/\/cercengenharia.com\/?page_id=11"},"modified":"2025-03-20T17:04:17","modified_gmt":"2025-03-20T20:04:17","slug":"home","status":"publish","type":"page","link":"https:\/\/cercengenharia.com\/","title":{"rendered":"Home"},"content":{"rendered":"\t\t<div data-elementor-type=\"wp-page\" data-elementor-id=\"11\" class=\"elementor elementor-11\">\n\t\t\t\t<div class=\"elementor-element elementor-element-66b3e44 e-flex e-con-boxed e-con e-parent\" data-id=\"66b3e44\" data-element_type=\"container\" data-e-type=\"container\" data-settings=\"{&quot;background_background&quot;:&quot;classic&quot;}\">\n\t\t\t\t\t<div class=\"e-con-inner\">\n\t\t\t\t<div class=\"elementor-element elementor-element-b62416e elementor-invisible elementor-widget elementor-widget-heading\" data-id=\"b62416e\" data-element_type=\"widget\" data-e-type=\"widget\" data-settings=\"{&quot;_animation&quot;:&quot;fadeInDown&quot;}\" data-widget_type=\"heading.default\">\n\t\t\t\t<div class=\"elementor-widget-container\">\n\t\t\t\t\t<h2 class=\"elementor-heading-title elementor-size-default\">Solu\u00e7\u00f5es em<\/h2>\t\t\t\t<\/div>\n\t\t\t\t<\/div>\n\t\t\t\t<div class=\"elementor-element elementor-element-6648729 elementor-invisible elementor-widget elementor-widget-heading\" data-id=\"6648729\" data-element_type=\"widget\" data-e-type=\"widget\" data-settings=\"{&quot;_animation&quot;:&quot;fadeInDown&quot;}\" data-widget_type=\"heading.default\">\n\t\t\t\t<div class=\"elementor-widget-container\">\n\t\t\t\t\t<h2 class=\"elementor-heading-title elementor-size-default\">Engenharia<\/h2>\t\t\t\t<\/div>\n\t\t\t\t<\/div>\n\t\t\t\t<div class=\"elementor-element elementor-element-747d758 elementor-invisible elementor-widget elementor-widget-heading\" data-id=\"747d758\" data-element_type=\"widget\" data-e-type=\"widget\" data-settings=\"{&quot;_animation&quot;:&quot;fadeInDown&quot;}\" data-widget_type=\"heading.default\">\n\t\t\t\t<div class=\"elementor-widget-container\">\n\t\t\t\t\t<h2 class=\"elementor-heading-title elementor-size-default\">Nosso foco \u00e9 na solu\u00e7\u00e3o dos seus problemas!<\/h2>\t\t\t\t<\/div>\n\t\t\t\t<\/div>\n\t\t\t\t\t<\/div>\n\t\t\t\t<\/div>\n\t\t<div class=\"elementor-element elementor-element-acff24d e-con-full e-flex e-con e-parent\" data-id=\"acff24d\" data-element_type=\"container\" data-e-type=\"container\" id=\"sobre\">\n\t\t<div class=\"elementor-element elementor-element-af69209 e-con-full e-flex e-con e-child\" data-id=\"af69209\" data-element_type=\"container\" data-e-type=\"container\">\n\t\t\t\t<div class=\"elementor-element elementor-element-285dde0 elementor-widget__width-initial elementor-invisible elementor-widget elementor-widget-heading\" data-id=\"285dde0\" data-element_type=\"widget\" data-e-type=\"widget\" data-settings=\"{&quot;_animation&quot;:&quot;fadeInUp&quot;}\" data-widget_type=\"heading.default\">\n\t\t\t\t<div class=\"elementor-widget-container\">\n\t\t\t\t\t<h2 class=\"elementor-heading-title elementor-size-default\">SOBRE N\u00d3S<\/h2>\t\t\t\t<\/div>\n\t\t\t\t<\/div>\n\t\t\t\t<\/div>\n\t\t<div class=\"elementor-element elementor-element-d237bba e-con-full e-flex e-con e-child\" data-id=\"d237bba\" data-element_type=\"container\" data-e-type=\"container\">\n\t\t\t\t<div class=\"elementor-element elementor-element-d3a06fc elementor-widget__width-initial elementor-invisible elementor-widget elementor-widget-heading\" data-id=\"d3a06fc\" data-element_type=\"widget\" data-e-type=\"widget\" data-settings=\"{&quot;_animation&quot;:&quot;fadeInUp&quot;}\" data-widget_type=\"heading.default\">\n\t\t\t\t<div class=\"elementor-widget-container\">\n\t\t\t\t\t<h2 class=\"elementor-heading-title elementor-size-default\">A CERC Solu\u00e7\u00f5es em Engenharia \u00e9 refer\u00eancia em inspe\u00e7\u00f5es, projetos e consultoria na \u00e1rea de engenharia mec\u00e2nica, garantindo seguran\u00e7a, conformidade e efici\u00eancia para empresas de diversos setores.<br><br>\n\nCom mais de 10 anos de experi\u00eancia, somos especializados em normas regulamentadoras (NR-11, NR-12, NR-13, NR-35), climatiza\u00e7\u00e3o, refrigera\u00e7\u00e3o estruturas met\u00e1licas, projetos mec\u00e2nicos.<br><br>\nOferecemos solu\u00e7\u00f5es completas, desde laudos t\u00e9cnicos e projetos detalhados at\u00e9 suporte para adequa\u00e7\u00e3o \u00e0s normas. Nosso compromisso \u00e9 entregar qualidade e confian\u00e7a em cada servi\u00e7o.<br><br>\n\nEntre em contato e saiba como podemos ajudar seu neg\u00f3cio.<\/h2>\t\t\t\t<\/div>\n\t\t\t\t<\/div>\n\t\t\t\t<\/div>\n\t\t\t\t<\/div>\n\t\t<div class=\"elementor-element elementor-element-0928628 e-flex e-con-boxed e-con e-parent\" data-id=\"0928628\" data-element_type=\"container\" data-e-type=\"container\" id=\"servi\u00e7os\" data-settings=\"{&quot;background_background&quot;:&quot;classic&quot;}\">\n\t\t\t\t\t<div class=\"e-con-inner\">\n\t\t\t\t<div class=\"elementor-element elementor-element-68b46a6 elementor-invisible elementor-widget elementor-widget-heading\" data-id=\"68b46a6\" data-element_type=\"widget\" data-e-type=\"widget\" data-settings=\"{&quot;_animation&quot;:&quot;fadeInUp&quot;}\" data-widget_type=\"heading.default\">\n\t\t\t\t<div class=\"elementor-widget-container\">\n\t\t\t\t\t<h2 class=\"elementor-heading-title elementor-size-default\">NOSSOS  SERVI\u00c7OS<\/h2>\t\t\t\t<\/div>\n\t\t\t\t<\/div>\n\t\t\t\t<div class=\"elementor-element elementor-element-3ba4e34 elementor-widget elementor-widget-upk-alter-grid\" data-id=\"3ba4e34\" data-element_type=\"widget\" data-e-type=\"widget\" data-settings=\"{&quot;upk_in_animation_show&quot;:&quot;yes&quot;}\" data-widget_type=\"upk-alter-grid.default\">\n\t\t\t\t<div class=\"elementor-widget-container\">\n\t\t\t\t\t\n\t\t<div class=\"upk-alter-grid upk-ajax-grid\" data-loadmore=\"[]\">\n\t\t\t<div class=\"upk-post-grid upk-ajax-grid-wrap upk-style-1 upk-in-animation\" data-in-animation-delay=\"\">\n\n\t\t\t\t\n\t\t\t\t\t\t\t<div class=\"upk-item\">\n\t\t\t<div class=\"upk-item-box\">\n\t\t\t\t<div class=\"upk-img-wrap\">\n\t\t\t\t\t<div class=\"upk-main-img\">\n\t\t\t\t\t\t<img fetchpriority=\"high\" decoding=\"async\" width=\"1920\" height=\"1080\" src=\"https:\/\/cercengenharia.com\/wp-content\/uploads\/2023\/09\/1.png\" class=\"upk-img\" alt=\"NR-12 &#8211; SEGURAN\u00c7A NO TRABALHO EM M\u00c1QUINAS E EQUIPAMENTOS\" srcset=\"https:\/\/cercengenharia.com\/wp-content\/uploads\/2023\/09\/1.png 1920w, https:\/\/cercengenharia.com\/wp-content\/uploads\/2023\/09\/1-300x169.png 300w, https:\/\/cercengenharia.com\/wp-content\/uploads\/2023\/09\/1-1024x576.png 1024w, https:\/\/cercengenharia.com\/wp-content\/uploads\/2023\/09\/1-768x432.png 768w, https:\/\/cercengenharia.com\/wp-content\/uploads\/2023\/09\/1-1536x864.png 1536w, https:\/\/cercengenharia.com\/wp-content\/uploads\/2023\/09\/1-150x85.png 150w, https:\/\/cercengenharia.com\/wp-content\/uploads\/2023\/09\/1-600x338.png 600w\" sizes=\"(max-width: 1920px) 100vw, 1920px\" \/>\t\t\t\t\t\t\t\t\t\t\t\t\t\t\t\t\t<\/div>\n\t\t\t\t<\/div>\n\n\t\t\t\t<div class=\"upk-content\">\n\t\t\t\t\t<div>\n\n\t\t\t\t\t\t\t\t<div class=\"upk-category\">\n\t\t\t<a href=\"https:\/\/cercengenharia.com\/index.php\/category\/servicos\/\" \n\t\t\t\t\t\t\taria-label=\"Category SERVI\u00c7OS\">SERVI\u00c7OS<\/a>\t\t<\/div>\n\t\n\t\t\t\t\t\t<h3 class=\"upk-title\"><a href=\"https:\/\/cercengenharia.com\/index.php\/2023\/10\/02\/nr-12-seguranca-no-trabalho-em-maquinas-e-equipamentos\/\" title=\"NR-12 &#8211; SEGURAN\u00c7A NO TRABALHO EM M\u00c1QUINAS E EQUIPAMENTOS\" class=\"title-animation-underline\" aria-label=\"NR-12 &#8211; SEGURAN\u00c7A NO TRABALHO EM M\u00c1QUINAS E EQUIPAMENTOS\">NR-12 &#8211; SEGURAN\u00c7A NO TRABALHO EM M\u00c1QUINAS E EQUIPAMENTOS<\/a><\/h3>\t\t\t\t\t\t<div class=\"upk-text-wrap\">\n\t\t\t\t\t\t\t\t\t\t\t\t\t\t\t\t\t\t\t\t<\/div>\n\n\t\t\t\t\t\t\n\t\t\t\t\t<\/div>\n\t\t\t\t<\/div>\n\n\t\t\t<\/div>\n\t\t<\/div>\n\t\n\t\t\t\t\n\t\t\t\t\t\t\t<div class=\"upk-item\">\n\t\t\t<div class=\"upk-item-box\">\n\t\t\t\t<div class=\"upk-img-wrap\">\n\t\t\t\t\t<div class=\"upk-main-img\">\n\t\t\t\t\t\t<img decoding=\"async\" width=\"1920\" height=\"1080\" src=\"https:\/\/cercengenharia.com\/wp-content\/uploads\/2023\/09\/2-1.png\" class=\"upk-img\" alt=\"NR-13 &#8211; CALDEIRAS, VASOS DE PRESS\u00c3O, TUBULA\u00c7\u00d5ES E TANQUES MET\u00c1LICOS DE ARMAZENAMENTO\" srcset=\"https:\/\/cercengenharia.com\/wp-content\/uploads\/2023\/09\/2-1.png 1920w, https:\/\/cercengenharia.com\/wp-content\/uploads\/2023\/09\/2-1-300x169.png 300w, https:\/\/cercengenharia.com\/wp-content\/uploads\/2023\/09\/2-1-1024x576.png 1024w, https:\/\/cercengenharia.com\/wp-content\/uploads\/2023\/09\/2-1-768x432.png 768w, https:\/\/cercengenharia.com\/wp-content\/uploads\/2023\/09\/2-1-1536x864.png 1536w, https:\/\/cercengenharia.com\/wp-content\/uploads\/2023\/09\/2-1-150x85.png 150w, https:\/\/cercengenharia.com\/wp-content\/uploads\/2023\/09\/2-1-600x338.png 600w\" sizes=\"(max-width: 1920px) 100vw, 1920px\" \/>\t\t\t\t\t\t\t\t\t\t\t\t\t\t\t\t\t<\/div>\n\t\t\t\t<\/div>\n\n\t\t\t\t<div class=\"upk-content\">\n\t\t\t\t\t<div>\n\n\t\t\t\t\t\t\t\t<div class=\"upk-category\">\n\t\t\t<a href=\"https:\/\/cercengenharia.com\/index.php\/category\/servicos\/\" \n\t\t\t\t\t\t\taria-label=\"Category SERVI\u00c7OS\">SERVI\u00c7OS<\/a>\t\t<\/div>\n\t\n\t\t\t\t\t\t<h3 class=\"upk-title\"><a href=\"https:\/\/cercengenharia.com\/index.php\/2023\/10\/02\/nr-13-caldeiras-vasos-de-pressao-tubulacoes-e-tanques-metalicos-de-armazenamento\/\" title=\"NR-13 &#8211; CALDEIRAS, VASOS DE PRESS\u00c3O, TUBULA\u00c7\u00d5ES E TANQUES MET\u00c1LICOS DE ARMAZENAMENTO\" class=\"title-animation-underline\" aria-label=\"NR-13 &#8211; CALDEIRAS, VASOS DE PRESS\u00c3O, TUBULA\u00c7\u00d5ES E TANQUES MET\u00c1LICOS DE ARMAZENAMENTO\">NR-13 &#8211; CALDEIRAS, VASOS DE PRESS\u00c3O, TUBULA\u00c7\u00d5ES E TANQUES MET\u00c1LICOS DE ARMAZENAMENTO<\/a><\/h3>\t\t\t\t\t\t<div class=\"upk-text-wrap\">\n\t\t\t\t\t\t\t\t\t\t\t\t\t\t\t\t\t\t\t\t<\/div>\n\n\t\t\t\t\t\t\n\t\t\t\t\t<\/div>\n\t\t\t\t<\/div>\n\n\t\t\t<\/div>\n\t\t<\/div>\n\t\n\t\t\t\t\n\t\t\t\t\t\t\t<div class=\"upk-item\">\n\t\t\t<div class=\"upk-item-box\">\n\t\t\t\t<div class=\"upk-img-wrap\">\n\t\t\t\t\t<div class=\"upk-main-img\">\n\t\t\t\t\t\t<img decoding=\"async\" width=\"1920\" height=\"1080\" src=\"https:\/\/cercengenharia.com\/wp-content\/uploads\/2023\/09\/3-1.png\" class=\"upk-img\" alt=\"NR-35 &#8211; LINHA DE VIDA\" srcset=\"https:\/\/cercengenharia.com\/wp-content\/uploads\/2023\/09\/3-1.png 1920w, https:\/\/cercengenharia.com\/wp-content\/uploads\/2023\/09\/3-1-300x169.png 300w, https:\/\/cercengenharia.com\/wp-content\/uploads\/2023\/09\/3-1-1024x576.png 1024w, https:\/\/cercengenharia.com\/wp-content\/uploads\/2023\/09\/3-1-768x432.png 768w, https:\/\/cercengenharia.com\/wp-content\/uploads\/2023\/09\/3-1-1536x864.png 1536w, https:\/\/cercengenharia.com\/wp-content\/uploads\/2023\/09\/3-1-150x85.png 150w, https:\/\/cercengenharia.com\/wp-content\/uploads\/2023\/09\/3-1-600x338.png 600w\" sizes=\"(max-width: 1920px) 100vw, 1920px\" \/>\t\t\t\t\t\t\t\t\t\t\t\t\t\t\t\t\t<\/div>\n\t\t\t\t<\/div>\n\n\t\t\t\t<div class=\"upk-content\">\n\t\t\t\t\t<div>\n\n\t\t\t\t\t\t\t\t<div class=\"upk-category\">\n\t\t\t<a href=\"https:\/\/cercengenharia.com\/index.php\/category\/servicos\/\" \n\t\t\t\t\t\t\taria-label=\"Category SERVI\u00c7OS\">SERVI\u00c7OS<\/a>\t\t<\/div>\n\t\n\t\t\t\t\t\t<h3 class=\"upk-title\"><a href=\"https:\/\/cercengenharia.com\/index.php\/2023\/10\/02\/nr-35-linha-de-vida\/\" title=\"NR-35 &#8211; LINHA DE VIDA\" class=\"title-animation-underline\" aria-label=\"NR-35 &#8211; LINHA DE VIDA\">NR-35 &#8211; LINHA DE VIDA<\/a><\/h3>\t\t\t\t\t\t<div class=\"upk-text-wrap\">\n\t\t\t\t\t\t\t\t\t\t\t\t\t\t\t\t\t\t\t\t<\/div>\n\n\t\t\t\t\t\t\n\t\t\t\t\t<\/div>\n\t\t\t\t<\/div>\n\n\t\t\t<\/div>\n\t\t<\/div>\n\t\n\t\t\t\t\n\t\t\t\t\t\t\t<div class=\"upk-item\">\n\t\t\t<div class=\"upk-item-box\">\n\t\t\t\t<div class=\"upk-img-wrap\">\n\t\t\t\t\t<div class=\"upk-main-img\">\n\t\t\t\t\t\t<img loading=\"lazy\" decoding=\"async\" width=\"1920\" height=\"1080\" src=\"https:\/\/cercengenharia.com\/wp-content\/uploads\/2023\/09\/pmoc.png\" class=\"upk-img\" alt=\"PMOC &#8211; PLANO DE MANUTEN\u00c7\u00c3O OPERA\u00c7\u00c3O E CONTROLE\" srcset=\"https:\/\/cercengenharia.com\/wp-content\/uploads\/2023\/09\/pmoc.png 1920w, https:\/\/cercengenharia.com\/wp-content\/uploads\/2023\/09\/pmoc-300x169.png 300w, https:\/\/cercengenharia.com\/wp-content\/uploads\/2023\/09\/pmoc-1024x576.png 1024w, https:\/\/cercengenharia.com\/wp-content\/uploads\/2023\/09\/pmoc-768x432.png 768w, https:\/\/cercengenharia.com\/wp-content\/uploads\/2023\/09\/pmoc-1536x864.png 1536w, https:\/\/cercengenharia.com\/wp-content\/uploads\/2023\/09\/pmoc-150x85.png 150w, https:\/\/cercengenharia.com\/wp-content\/uploads\/2023\/09\/pmoc-600x338.png 600w\" sizes=\"(max-width: 1920px) 100vw, 1920px\" \/>\t\t\t\t\t\t\t\t\t\t\t\t\t\t\t\t\t<\/div>\n\t\t\t\t<\/div>\n\n\t\t\t\t<div class=\"upk-content\">\n\t\t\t\t\t<div>\n\n\t\t\t\t\t\t\t\t<div class=\"upk-category\">\n\t\t\t<a href=\"https:\/\/cercengenharia.com\/index.php\/category\/servicos\/\" \n\t\t\t\t\t\t\taria-label=\"Category SERVI\u00c7OS\">SERVI\u00c7OS<\/a>\t\t<\/div>\n\t\n\t\t\t\t\t\t<h3 class=\"upk-title\"><a href=\"https:\/\/cercengenharia.com\/index.php\/2023\/10\/02\/pmoc-plano-de-manutencao-operacao-e-controle\/\" title=\"PMOC &#8211; PLANO DE MANUTEN\u00c7\u00c3O OPERA\u00c7\u00c3O E CONTROLE\" class=\"title-animation-underline\" aria-label=\"PMOC &#8211; PLANO DE MANUTEN\u00c7\u00c3O OPERA\u00c7\u00c3O E CONTROLE\">PMOC &#8211; PLANO DE MANUTEN\u00c7\u00c3O OPERA\u00c7\u00c3O E CONTROLE<\/a><\/h3>\t\t\t\t\t\t<div class=\"upk-text-wrap\">\n\t\t\t\t\t\t\t\t\t\t\t\t\t\t\t\t\t\t\t\t<\/div>\n\n\t\t\t\t\t\t\n\t\t\t\t\t<\/div>\n\t\t\t\t<\/div>\n\n\t\t\t<\/div>\n\t\t<\/div>\n\t\n\t\t\t\t\n\t\t\t\t\t\t\t<div class=\"upk-item\">\n\t\t\t<div class=\"upk-item-box\">\n\t\t\t\t<div class=\"upk-img-wrap\">\n\t\t\t\t\t<div class=\"upk-main-img\">\n\t\t\t\t\t\t<img loading=\"lazy\" decoding=\"async\" width=\"1920\" height=\"1080\" src=\"https:\/\/cercengenharia.com\/wp-content\/uploads\/2023\/09\/laudo.png\" class=\"upk-img\" alt=\"LAUDOS T\u00c9CNICOS\" srcset=\"https:\/\/cercengenharia.com\/wp-content\/uploads\/2023\/09\/laudo.png 1920w, https:\/\/cercengenharia.com\/wp-content\/uploads\/2023\/09\/laudo-300x169.png 300w, https:\/\/cercengenharia.com\/wp-content\/uploads\/2023\/09\/laudo-1024x576.png 1024w, https:\/\/cercengenharia.com\/wp-content\/uploads\/2023\/09\/laudo-768x432.png 768w, https:\/\/cercengenharia.com\/wp-content\/uploads\/2023\/09\/laudo-1536x864.png 1536w, https:\/\/cercengenharia.com\/wp-content\/uploads\/2023\/09\/laudo-150x85.png 150w, https:\/\/cercengenharia.com\/wp-content\/uploads\/2023\/09\/laudo-600x338.png 600w\" sizes=\"(max-width: 1920px) 100vw, 1920px\" \/>\t\t\t\t\t\t\t\t\t\t\t\t\t\t\t\t\t<\/div>\n\t\t\t\t<\/div>\n\n\t\t\t\t<div class=\"upk-content\">\n\t\t\t\t\t<div>\n\n\t\t\t\t\t\t\t\t<div class=\"upk-category\">\n\t\t\t<a href=\"https:\/\/cercengenharia.com\/index.php\/category\/servicos\/\" \n\t\t\t\t\t\t\taria-label=\"Category SERVI\u00c7OS\">SERVI\u00c7OS<\/a>\t\t<\/div>\n\t\n\t\t\t\t\t\t<h3 class=\"upk-title\"><a href=\"https:\/\/cercengenharia.com\/index.php\/2023\/10\/02\/laudos-tecnicos\/\" title=\"LAUDOS T\u00c9CNICOS\" class=\"title-animation-underline\" aria-label=\"LAUDOS T\u00c9CNICOS\">LAUDOS T\u00c9CNICOS<\/a><\/h3>\t\t\t\t\t\t<div class=\"upk-text-wrap\">\n\t\t\t\t\t\t\t\t\t\t\t\t\t\t\t\t\t\t\t\t<\/div>\n\n\t\t\t\t\t\t\n\t\t\t\t\t<\/div>\n\t\t\t\t<\/div>\n\n\t\t\t<\/div>\n\t\t<\/div>\n\t\n\t\t\t\t\n\t\t\t\t\t\t\t<div class=\"upk-item\">\n\t\t\t<div class=\"upk-item-box\">\n\t\t\t\t<div class=\"upk-img-wrap\">\n\t\t\t\t\t<div class=\"upk-main-img\">\n\t\t\t\t\t\t<img loading=\"lazy\" decoding=\"async\" width=\"1920\" height=\"1080\" src=\"https:\/\/cercengenharia.com\/wp-content\/uploads\/2023\/09\/incendio.png\" class=\"upk-img\" alt=\"PROTE\u00c7\u00c3O CONTRA INC\u00caNDIO\" srcset=\"https:\/\/cercengenharia.com\/wp-content\/uploads\/2023\/09\/incendio.png 1920w, https:\/\/cercengenharia.com\/wp-content\/uploads\/2023\/09\/incendio-300x169.png 300w, https:\/\/cercengenharia.com\/wp-content\/uploads\/2023\/09\/incendio-1024x576.png 1024w, https:\/\/cercengenharia.com\/wp-content\/uploads\/2023\/09\/incendio-768x432.png 768w, https:\/\/cercengenharia.com\/wp-content\/uploads\/2023\/09\/incendio-1536x864.png 1536w, https:\/\/cercengenharia.com\/wp-content\/uploads\/2023\/09\/incendio-150x85.png 150w, https:\/\/cercengenharia.com\/wp-content\/uploads\/2023\/09\/incendio-600x338.png 600w\" sizes=\"(max-width: 1920px) 100vw, 1920px\" \/>\t\t\t\t\t\t\t\t\t\t\t\t\t\t\t\t\t<\/div>\n\t\t\t\t<\/div>\n\n\t\t\t\t<div class=\"upk-content\">\n\t\t\t\t\t<div>\n\n\t\t\t\t\t\t\t\t<div class=\"upk-category\">\n\t\t\t<a href=\"https:\/\/cercengenharia.com\/index.php\/category\/servicos\/\" \n\t\t\t\t\t\t\taria-label=\"Category SERVI\u00c7OS\">SERVI\u00c7OS<\/a>\t\t<\/div>\n\t\n\t\t\t\t\t\t<h3 class=\"upk-title\"><a href=\"https:\/\/cercengenharia.com\/index.php\/2023\/10\/02\/protecao-contra-incendio\/\" title=\"PROTE\u00c7\u00c3O CONTRA INC\u00caNDIO\" class=\"title-animation-underline\" aria-label=\"PROTE\u00c7\u00c3O CONTRA INC\u00caNDIO\">PROTE\u00c7\u00c3O CONTRA INC\u00caNDIO<\/a><\/h3>\t\t\t\t\t\t<div class=\"upk-text-wrap\">\n\t\t\t\t\t\t\t\t\t\t\t\t\t\t\t\t\t\t\t\t<\/div>\n\n\t\t\t\t\t\t\n\t\t\t\t\t<\/div>\n\t\t\t\t<\/div>\n\n\t\t\t<\/div>\n\t\t<\/div>\n\t\n\t\t\t\t\t\t\t<\/div>\n\t\t<\/div>\n\n\t\t\n\t\t\t\t\t\t<\/div>\n\t\t\t\t<\/div>\n\t\t\t\t<div class=\"elementor-element elementor-element-cb64e60 elementor-align-center elementor-widget elementor-widget-button\" data-id=\"cb64e60\" data-element_type=\"widget\" data-e-type=\"widget\" data-widget_type=\"button.default\">\n\t\t\t\t<div class=\"elementor-widget-container\">\n\t\t\t\t\t\t\t\t\t<div class=\"elementor-button-wrapper\">\n\t\t\t\t\t<a class=\"elementor-button elementor-button-link elementor-size-lg elementor-animation-grow\" href=\"https:\/\/cercengenharia.com\/index.php\/servicos\/\">\n\t\t\t\t\t\t<span class=\"elementor-button-content-wrapper\">\n\t\t\t\t\t\t\t\t\t<span class=\"elementor-button-text\">VEJA MAIS SERVI\u00c7OS<\/span>\n\t\t\t\t\t<\/span>\n\t\t\t\t\t<\/a>\n\t\t\t\t<\/div>\n\t\t\t\t\t\t\t\t<\/div>\n\t\t\t\t<\/div>\n\t\t\t\t\t<\/div>\n\t\t\t\t<\/div>\n\t\t<div class=\"elementor-element elementor-element-52fe37d e-flex e-con-boxed e-con e-parent\" data-id=\"52fe37d\" data-element_type=\"container\" data-e-type=\"container\">\n\t\t\t\t\t<div class=\"e-con-inner\">\n\t\t<div class=\"elementor-element elementor-element-b455f58 e-con-full e-flex e-con e-child\" data-id=\"b455f58\" data-element_type=\"container\" data-e-type=\"container\">\n\t\t\t\t<div class=\"elementor-element elementor-element-e951612 elementor-widget__width-initial elementor-widget elementor-widget-htmega-contactform-addons\" data-id=\"e951612\" data-element_type=\"widget\" data-e-type=\"widget\" data-widget_type=\"htmega-contactform-addons.default\">\n\t\t\t\t<div class=\"elementor-widget-container\">\n\t\t\t\t\t            <div class=\"htmega-form-wrapper side951612 htmega-form-style-4\" >\n                \n<div class=\"wpcf7 no-js\" id=\"wpcf7-f375-o1\" lang=\"pt-BR\" dir=\"ltr\" data-wpcf7-id=\"375\">\n<div class=\"screen-reader-response\"><p role=\"status\" aria-live=\"polite\" aria-atomic=\"true\"><\/p> <ul><\/ul><\/div>\n<form action=\"\/index.php\/wp-json\/wp\/v2\/pages\/11#wpcf7-f375-o1\" method=\"post\" class=\"wpcf7-form init\" aria-label=\"Formul\u00e1rios de contato\" novalidate=\"novalidate\" data-status=\"init\">\n<fieldset class=\"hidden-fields-container\"><input type=\"hidden\" name=\"_wpcf7\" value=\"375\" \/><input type=\"hidden\" name=\"_wpcf7_version\" value=\"6.1.5\" \/><input type=\"hidden\" name=\"_wpcf7_locale\" value=\"pt_BR\" \/><input type=\"hidden\" name=\"_wpcf7_unit_tag\" value=\"wpcf7-f375-o1\" \/><input type=\"hidden\" name=\"_wpcf7_container_post\" value=\"0\" \/><input type=\"hidden\" name=\"_wpcf7_posted_data_hash\" value=\"\" \/>\n<\/fieldset>\n<p><label>Nome: <span class=\"wpcf7-form-control-wrap\" data-name=\"nome\"><input size=\"40\" maxlength=\"400\" class=\"wpcf7-form-control wpcf7-text\" aria-invalid=\"false\" placeholder=\"Seu Nome Aqui\" value=\"\" type=\"text\" name=\"nome\" \/><\/span> <\/label><br \/>\n<label>Telefone: <span class=\"wpcf7-form-control-wrap\" data-name=\"telefone\"><input size=\"40\" maxlength=\"400\" class=\"wpcf7-form-control wpcf7-tel wpcf7-text wpcf7-validates-as-tel\" aria-invalid=\"false\" placeholder=\"Telefone (ddd+n\u00famero)\" value=\"\" type=\"tel\" name=\"telefone\" \/><\/span><\/label><br \/>\n<label>E-mail: <span class=\"wpcf7-form-control-wrap\" data-name=\"email\"><input size=\"40\" maxlength=\"400\" class=\"wpcf7-form-control wpcf7-email wpcf7-validates-as-required wpcf7-text wpcf7-validates-as-email\" aria-required=\"true\" aria-invalid=\"false\" placeholder=\"Seu e-mail Aqui\" value=\"\" type=\"email\" name=\"email\" \/><\/span><\/label><br \/>\n<label>Assunto: <span class=\"wpcf7-form-control-wrap\" data-name=\"assunto\"><select class=\"wpcf7-form-control wpcf7-select\" aria-invalid=\"false\" name=\"assunto\"><option value=\"\">&#8212;Escolha uma op\u00e7\u00e3o&#8212;<\/option><option value=\"D\u00favidas\">D\u00favidas<\/option><option value=\"Sugest\u00f5es\">Sugest\u00f5es<\/option><option value=\"Elogios\">Elogios<\/option><\/select><\/span><\/label><br \/>\n<label>Mensagem: <span class=\"wpcf7-form-control-wrap\" data-name=\"mensagem\"><textarea cols=\"40\" rows=\"10\" maxlength=\"2000\" class=\"wpcf7-form-control wpcf7-textarea\" aria-invalid=\"false\" placeholder=\"Digite sua mensagem\" name=\"mensagem\"><\/textarea><\/span><\/label><br \/>\n<input class=\"wpcf7-form-control wpcf7-submit has-spinner\" type=\"submit\" value=\"Enviar\" \/>\n<\/p><div class=\"wpcf7-response-output\" aria-hidden=\"true\"><\/div>\n<\/form>\n<\/div>\n            <\/div>\n\n\n        \t\t\t\t<\/div>\n\t\t\t\t<\/div>\n\t\t\t\t<\/div>\n\t\t\t\t\t<\/div>\n\t\t\t\t<\/div>\n\t\t\t\t<\/div>\n\t\t","protected":false},"excerpt":{"rendered":"<p>Solu\u00e7\u00f5es em Engenharia Nosso foco \u00e9 na solu\u00e7\u00e3o dos seus problemas! SOBRE N\u00d3S A CERC Solu\u00e7\u00f5es em Engenharia \u00e9 refer\u00eancia em inspe\u00e7\u00f5es, projetos e consultoria na \u00e1rea de engenharia mec\u00e2nica, garantindo seguran\u00e7a, conformidade e efici\u00eancia para empresas de diversos setores. Com mais de 10 anos de experi\u00eancia, somos especializados em normas regulamentadoras (NR-11, NR-12, NR-13, [&hellip;]<\/p>\n","protected":false},"author":1,"featured_media":0,"parent":0,"menu_order":0,"comment_status":"closed","ping_status":"closed","template":"elementor_header_footer","meta":{"_joinchat":[],"footnotes":""},"class_list":["post-11","page","type-page","status-publish","hentry"],"_links":{"self":[{"href":"https:\/\/cercengenharia.com\/index.php\/wp-json\/wp\/v2\/pages\/11","targetHints":{"allow":["GET"]}}],"collection":[{"href":"https:\/\/cercengenharia.com\/index.php\/wp-json\/wp\/v2\/pages"}],"about":[{"href":"https:\/\/cercengenharia.com\/index.php\/wp-json\/wp\/v2\/types\/page"}],"author":[{"embeddable":true,"href":"https:\/\/cercengenharia.com\/index.php\/wp-json\/wp\/v2\/users\/1"}],"replies":[{"embeddable":true,"href":"https:\/\/cercengenharia.com\/index.php\/wp-json\/wp\/v2\/comments?post=11"}],"version-history":[{"count":305,"href":"https:\/\/cercengenharia.com\/index.php\/wp-json\/wp\/v2\/pages\/11\/revisions"}],"predecessor-version":[{"id":652,"href":"https:\/\/cercengenharia.com\/index.php\/wp-json\/wp\/v2\/pages\/11\/revisions\/652"}],"wp:attachment":[{"href":"https:\/\/cercengenharia.com\/index.php\/wp-json\/wp\/v2\/media?parent=11"}],"curies":[{"name":"wp","href":"https:\/\/api.w.org\/{rel}","templated":true}]}}